{"id":119424,"date":"2023-07-06T17:21:28","date_gmt":"2023-07-06T15:21:28","guid":{"rendered":"https:\/\/www.wogox.com\/home\/product\/montre-unisexe-casio-b-650wc-5a-o-42-mm\/"},"modified":"2023-08-11T14:33:11","modified_gmt":"2023-08-11T12:33:11","slug":"montre-unisexe-casio-b-650wc-5a-o-42-mm","status":"publish","type":"product","link":"https:\/\/www.wogox.com\/home\/product\/montre-unisexe-casio-b-650wc-5a-o-42-mm\/","title":{"rendered":"Montre Unisexe Casio B-650WC-5A (\u00d8 42 mm)"},"content":{"rendered":"<p>Si vous aimez suivre les derni\u00e8res tendances en mati\u00e8re de mode et accessoires, achetez <b>Montre Unisexe Casio B-650WC-5A (\u00d8 42 mm)<\/b> au meilleur prix.<\/p>\n<ul>\n<li>Mat\u00e9riau du bracelet: Acier inoxydable<\/li>\n<li>Couleur du bracelet: Rose<\/li>\n<li>Couleur du bo\u00eetier de l&#8217;horloge: Rose<\/li>\n<li>Type de fermeture: A pression<\/li>\n<li>Imperm\u00e9abilit\u00e9: 5 atm<\/li>\n<li>Verre: Min\u00e9ral<\/li>\n<li>Couleur du cadran: Rose<\/li>\n<li>Inclut: Le coffret de la marque est inclus<\/li>\n<li>Type de mouvement: Quartz<\/li>\n<li>Mat\u00e9riau du bo\u00eetier de la montre: Acier inoxydable<\/li>\n<li>Diam\u00e8tre du bo\u00eetier de la montre: \u00d8 42 mm<\/li>\n<\/ul>\n","protected":false},"excerpt":{"rendered":"<p>Si vous aimez suivre les derni\u00e8res tendances en mati\u00e8re de mode et accessoires, achetez Montre Unisexe Casio B-650WC-5A (\u00d8 42 mm) au meilleur prix. Mat\u00e9riau du bracelet: Acier inoxydable Couleur du bracelet: Rose Couleur du bo\u00eetier de l&#8217;horloge: Rose Type de fermeture: A pression Imperm\u00e9abilit\u00e9: 5 atm Verre: Min\u00e9ral Couleur du cadran: Rose Inclut: Le [&hellip;]<\/p>\n","protected":false},"featured_media":119418,"template":"","meta":{"_et_pb_use_builder":"","_et_pb_old_content":"","_et_gb_content_width":""},"product_cat":[4189,4217,4195],"product_tag":[4183,4184],"class_list":{"0":"post-119424","1":"product","2":"type-product","3":"status-publish","4":"has-post-thumbnail","6":"product_cat-mode-accessoires","7":"product_cat-montres-unisexe","8":"product_cat-montres-bracelets","9":"product_tag-tag_575","10":"product_tag-tag_1261","12":"first","13":"instock","14":"taxable","15":"shipping-taxable","16":"purchasable","17":"product-type-simple","18":"add-to-wishlist-before_image"},"yoast_head":"<!-- This site is optimized with the Yoast SEO Premium plugin v20.3 (Yoast SEO v27.5) - https:\/\/yoast.com\/product\/yoast-seo-premium-wordpress\/ -->\n<title>Montre Unisexe Casio B-650WC-5A (\u00d8 42 mm) - WOGOX<\/title>\n<meta name=\"robots\" content=\"index, follow, max-snippet:-1, max-image-preview:large, max-video-preview:-1\" \/>\n<link rel=\"canonical\" href=\"https:\/\/www.wogox.com\/home\/product\/montre-unisexe-casio-b-650wc-5a-o-42-mm\/\" \/>\n<meta property=\"og:locale\" content=\"fr_FR\" \/>\n<meta property=\"og:type\" content=\"article\" \/>\n<meta property=\"og:title\" content=\"Montre Unisexe Casio B-650WC-5A (\u00d8 42 mm)\" \/>\n<meta property=\"og:description\" content=\"Si vous aimez suivre les derni\u00e8res tendances en mati\u00e8re de mode et accessoires, achetez Montre Unisexe Casio B-650WC-5A (\u00d8 42 mm) au meilleur prix. Mat\u00e9riau du bracelet: Acier inoxydable Couleur du bracelet: Rose Couleur du bo\u00eetier de l&#8217;horloge: Rose Type de fermeture: A pression Imperm\u00e9abilit\u00e9: 5 atm Verre: Min\u00e9ral Couleur du cadran: Rose Inclut: Le [&hellip;]\" \/>\n<meta property=\"og:url\" content=\"https:\/\/www.wogox.com\/home\/product\/montre-unisexe-casio-b-650wc-5a-o-42-mm\/\" \/>\n<meta property=\"og:site_name\" content=\"WOGOX\" \/>\n<meta property=\"article:publisher\" content=\"https:\/\/www.facebook.com\/Wogox\/\" \/>\n<meta property=\"article:modified_time\" content=\"2023-08-11T12:33:11+00:00\" \/>\n<meta property=\"og:image\" content=\"https:\/\/www.wogox.com\/wp-content\/uploads\/2023\/07\/4549526169342-r04.jpg\" \/>\n\t<meta property=\"og:image:width\" content=\"1200\" \/>\n\t<meta property=\"og:image:height\" content=\"1200\" \/>\n\t<meta property=\"og:image:type\" content=\"image\/jpeg\" \/>\n<meta name=\"twitter:card\" content=\"summary_large_image\" \/>\n<script type=\"application\/ld+json\" class=\"yoast-schema-graph\">{\"@context\":\"https:\\\/\\\/schema.org\",\"@graph\":[{\"@type\":\"WebPage\",\"@id\":\"https:\\\/\\\/www.wogox.com\\\/home\\\/product\\\/montre-unisexe-casio-b-650wc-5a-o-42-mm\\\/\",\"url\":\"https:\\\/\\\/www.wogox.com\\\/home\\\/product\\\/montre-unisexe-casio-b-650wc-5a-o-42-mm\\\/\",\"name\":\"Montre Unisexe Casio B-650WC-5A (\u00d8 42 mm) - WOGOX\",\"isPartOf\":{\"@id\":\"https:\\\/\\\/www.wogox.com\\\/home\\\/#website\"},\"primaryImageOfPage\":{\"@id\":\"https:\\\/\\\/www.wogox.com\\\/home\\\/product\\\/montre-unisexe-casio-b-650wc-5a-o-42-mm\\\/#primaryimage\"},\"image\":{\"@id\":\"https:\\\/\\\/www.wogox.com\\\/home\\\/product\\\/montre-unisexe-casio-b-650wc-5a-o-42-mm\\\/#primaryimage\"},\"thumbnailUrl\":\"https:\\\/\\\/www.wogox.com\\\/wp-content\\\/uploads\\\/2023\\\/07\\\/4549526169342-r04.jpg\",\"datePublished\":\"2023-07-06T15:21:28+00:00\",\"dateModified\":\"2023-08-11T12:33:11+00:00\",\"breadcrumb\":{\"@id\":\"https:\\\/\\\/www.wogox.com\\\/home\\\/product\\\/montre-unisexe-casio-b-650wc-5a-o-42-mm\\\/#breadcrumb\"},\"inLanguage\":\"fr-FR\",\"potentialAction\":[{\"@type\":\"ReadAction\",\"target\":[\"https:\\\/\\\/www.wogox.com\\\/home\\\/product\\\/montre-unisexe-casio-b-650wc-5a-o-42-mm\\\/\"]}]},{\"@type\":\"ImageObject\",\"inLanguage\":\"fr-FR\",\"@id\":\"https:\\\/\\\/www.wogox.com\\\/home\\\/product\\\/montre-unisexe-casio-b-650wc-5a-o-42-mm\\\/#primaryimage\",\"url\":\"https:\\\/\\\/www.wogox.com\\\/wp-content\\\/uploads\\\/2023\\\/07\\\/4549526169342-r04.jpg\",\"contentUrl\":\"https:\\\/\\\/www.wogox.com\\\/wp-content\\\/uploads\\\/2023\\\/07\\\/4549526169342-r04.jpg\",\"width\":1200,\"height\":1200,\"caption\":\"S0361809_0\"},{\"@type\":\"BreadcrumbList\",\"@id\":\"https:\\\/\\\/www.wogox.com\\\/home\\\/product\\\/montre-unisexe-casio-b-650wc-5a-o-42-mm\\\/#breadcrumb\",\"itemListElement\":[{\"@type\":\"ListItem\",\"position\":1,\"name\":\"Accueil\",\"item\":\"https:\\\/\\\/www.wogox.com\\\/home\\\/\"},{\"@type\":\"ListItem\",\"position\":2,\"name\":\"Boutique\",\"item\":\"https:\\\/\\\/www.wogox.com\\\/home\\\/boutique\\\/\"},{\"@type\":\"ListItem\",\"position\":3,\"name\":\"Montre Unisexe Casio B-650WC-5A (\u00d8 42 mm)\"}]},{\"@type\":\"WebSite\",\"@id\":\"https:\\\/\\\/www.wogox.com\\\/home\\\/#website\",\"url\":\"https:\\\/\\\/www.wogox.com\\\/home\\\/\",\"name\":\"WOGOX\",\"description\":\"Nous sommes l\u00e0 pour vous!\",\"publisher\":{\"@id\":\"https:\\\/\\\/www.wogox.com\\\/home\\\/#organization\"},\"potentialAction\":[{\"@type\":\"SearchAction\",\"target\":{\"@type\":\"EntryPoint\",\"urlTemplate\":\"https:\\\/\\\/www.wogox.com\\\/home\\\/?s={search_term_string}\"},\"query-input\":{\"@type\":\"PropertyValueSpecification\",\"valueRequired\":true,\"valueName\":\"search_term_string\"}}],\"inLanguage\":\"fr-FR\"},{\"@type\":\"Organization\",\"@id\":\"https:\\\/\\\/www.wogox.com\\\/home\\\/#organization\",\"name\":\"WOGOX\",\"url\":\"https:\\\/\\\/www.wogox.com\\\/home\\\/\",\"logo\":{\"@type\":\"ImageObject\",\"inLanguage\":\"fr-FR\",\"@id\":\"https:\\\/\\\/www.wogox.com\\\/home\\\/#\\\/schema\\\/logo\\\/image\\\/\",\"url\":\"https:\\\/\\\/www.wogox.com\\\/wp-content\\\/uploads\\\/2021\\\/03\\\/LOGO-FINAL.jpg\",\"contentUrl\":\"https:\\\/\\\/www.wogox.com\\\/wp-content\\\/uploads\\\/2021\\\/03\\\/LOGO-FINAL.jpg\",\"width\":426,\"height\":398,\"caption\":\"WOGOX\"},\"image\":{\"@id\":\"https:\\\/\\\/www.wogox.com\\\/home\\\/#\\\/schema\\\/logo\\\/image\\\/\"},\"sameAs\":[\"https:\\\/\\\/www.facebook.com\\\/Wogox\\\/\",\"https:\\\/\\\/www.instagram.com\\\/wogox_jewelry\\\/\"]}]}<\/script>\n<!-- \/ Yoast SEO Premium plugin. -->","yoast_head_json":{"title":"Montre Unisexe Casio B-650WC-5A (\u00d8 42 mm) - WOGOX","robots":{"index":"index","follow":"follow","max-snippet":"max-snippet:-1","max-image-preview":"max-image-preview:large","max-video-preview":"max-video-preview:-1"},"canonical":"https:\/\/www.wogox.com\/home\/product\/montre-unisexe-casio-b-650wc-5a-o-42-mm\/","og_locale":"fr_FR","og_type":"article","og_title":"Montre Unisexe Casio B-650WC-5A (\u00d8 42 mm)","og_description":"Si vous aimez suivre les derni\u00e8res tendances en mati\u00e8re de mode et accessoires, achetez Montre Unisexe Casio B-650WC-5A (\u00d8 42 mm) au meilleur prix. Mat\u00e9riau du bracelet: Acier inoxydable Couleur du bracelet: Rose Couleur du bo\u00eetier de l&#8217;horloge: Rose Type de fermeture: A pression Imperm\u00e9abilit\u00e9: 5 atm Verre: Min\u00e9ral Couleur du cadran: Rose Inclut: Le [&hellip;]","og_url":"https:\/\/www.wogox.com\/home\/product\/montre-unisexe-casio-b-650wc-5a-o-42-mm\/","og_site_name":"WOGOX","article_publisher":"https:\/\/www.facebook.com\/Wogox\/","article_modified_time":"2023-08-11T12:33:11+00:00","og_image":[{"width":1200,"height":1200,"url":"https:\/\/www.wogox.com\/wp-content\/uploads\/2023\/07\/4549526169342-r04.jpg","type":"image\/jpeg"}],"twitter_card":"summary_large_image","schema":{"@context":"https:\/\/schema.org","@graph":[{"@type":"WebPage","@id":"https:\/\/www.wogox.com\/home\/product\/montre-unisexe-casio-b-650wc-5a-o-42-mm\/","url":"https:\/\/www.wogox.com\/home\/product\/montre-unisexe-casio-b-650wc-5a-o-42-mm\/","name":"Montre Unisexe Casio B-650WC-5A (\u00d8 42 mm) - WOGOX","isPartOf":{"@id":"https:\/\/www.wogox.com\/home\/#website"},"primaryImageOfPage":{"@id":"https:\/\/www.wogox.com\/home\/product\/montre-unisexe-casio-b-650wc-5a-o-42-mm\/#primaryimage"},"image":{"@id":"https:\/\/www.wogox.com\/home\/product\/montre-unisexe-casio-b-650wc-5a-o-42-mm\/#primaryimage"},"thumbnailUrl":"https:\/\/www.wogox.com\/wp-content\/uploads\/2023\/07\/4549526169342-r04.jpg","datePublished":"2023-07-06T15:21:28+00:00","dateModified":"2023-08-11T12:33:11+00:00","breadcrumb":{"@id":"https:\/\/www.wogox.com\/home\/product\/montre-unisexe-casio-b-650wc-5a-o-42-mm\/#breadcrumb"},"inLanguage":"fr-FR","potentialAction":[{"@type":"ReadAction","target":["https:\/\/www.wogox.com\/home\/product\/montre-unisexe-casio-b-650wc-5a-o-42-mm\/"]}]},{"@type":"ImageObject","inLanguage":"fr-FR","@id":"https:\/\/www.wogox.com\/home\/product\/montre-unisexe-casio-b-650wc-5a-o-42-mm\/#primaryimage","url":"https:\/\/www.wogox.com\/wp-content\/uploads\/2023\/07\/4549526169342-r04.jpg","contentUrl":"https:\/\/www.wogox.com\/wp-content\/uploads\/2023\/07\/4549526169342-r04.jpg","width":1200,"height":1200,"caption":"S0361809_0"},{"@type":"BreadcrumbList","@id":"https:\/\/www.wogox.com\/home\/product\/montre-unisexe-casio-b-650wc-5a-o-42-mm\/#breadcrumb","itemListElement":[{"@type":"ListItem","position":1,"name":"Accueil","item":"https:\/\/www.wogox.com\/home\/"},{"@type":"ListItem","position":2,"name":"Boutique","item":"https:\/\/www.wogox.com\/home\/boutique\/"},{"@type":"ListItem","position":3,"name":"Montre Unisexe Casio B-650WC-5A (\u00d8 42 mm)"}]},{"@type":"WebSite","@id":"https:\/\/www.wogox.com\/home\/#website","url":"https:\/\/www.wogox.com\/home\/","name":"WOGOX","description":"Nous sommes l\u00e0 pour vous!","publisher":{"@id":"https:\/\/www.wogox.com\/home\/#organization"},"potentialAction":[{"@type":"SearchAction","target":{"@type":"EntryPoint","urlTemplate":"https:\/\/www.wogox.com\/home\/?s={search_term_string}"},"query-input":{"@type":"PropertyValueSpecification","valueRequired":true,"valueName":"search_term_string"}}],"inLanguage":"fr-FR"},{"@type":"Organization","@id":"https:\/\/www.wogox.com\/home\/#organization","name":"WOGOX","url":"https:\/\/www.wogox.com\/home\/","logo":{"@type":"ImageObject","inLanguage":"fr-FR","@id":"https:\/\/www.wogox.com\/home\/#\/schema\/logo\/image\/","url":"https:\/\/www.wogox.com\/wp-content\/uploads\/2021\/03\/LOGO-FINAL.jpg","contentUrl":"https:\/\/www.wogox.com\/wp-content\/uploads\/2021\/03\/LOGO-FINAL.jpg","width":426,"height":398,"caption":"WOGOX"},"image":{"@id":"https:\/\/www.wogox.com\/home\/#\/schema\/logo\/image\/"},"sameAs":["https:\/\/www.facebook.com\/Wogox\/","https:\/\/www.instagram.com\/wogox_jewelry\/"]}]}},"_links":{"self":[{"href":"https:\/\/www.wogox.com\/home\/wp-json\/wp\/v2\/product\/119424","targetHints":{"allow":["GET"]}}],"collection":[{"href":"https:\/\/www.wogox.com\/home\/wp-json\/wp\/v2\/product"}],"about":[{"href":"https:\/\/www.wogox.com\/home\/wp-json\/wp\/v2\/types\/product"}],"wp:featuredmedia":[{"embeddable":true,"href":"https:\/\/www.wogox.com\/home\/wp-json\/wp\/v2\/media\/119418"}],"wp:attachment":[{"href":"https:\/\/www.wogox.com\/home\/wp-json\/wp\/v2\/media?parent=119424"}],"wp:term":[{"taxonomy":"product_cat","embeddable":true,"href":"https:\/\/www.wogox.com\/home\/wp-json\/wp\/v2\/product_cat?post=119424"},{"taxonomy":"product_tag","embeddable":true,"href":"https:\/\/www.wogox.com\/home\/wp-json\/wp\/v2\/product_tag?post=119424"}],"curies":[{"name":"wp","href":"https:\/\/api.w.org\/{rel}","templated":true}]}}